{"id":12800,"date":"2021-11-19T14:39:38","date_gmt":"2021-11-19T13:39:38","guid":{"rendered":"https:\/\/pearlsmagazine.com\/webvieja\/legal-notice-privacy-policy-and-cookies\/"},"modified":"2023-08-18T13:05:37","modified_gmt":"2023-08-18T11:05:37","slug":"legal-notice-privacy-policy-and-cookies","status":"publish","type":"page","link":"https:\/\/pearlsmagazine.com\/webvieja\/en\/legal-notice-privacy-policy-and-cookies\/","title":{"rendered":"Legal notice, privacy policy and cookies"},"content":{"rendered":"\n<h2 class=\"wp-block-heading\"><strong>LEGAL NOTICE<\/strong><\/h2>\n\n<h3 class=\"wp-block-heading\"><strong>Edition of the website<\/strong><br\/><\/h3>\n\n<p>Legal notice of PearlsMagazine.com which is a site published in Spain by Anne-Sophie Castro, NIE\/CIF: X3810535X, whose head office is located at C\/ B\u00e9lgica, 27 &#8211; 1B &#8211; 07108 Port de S\u00f3ller Balearic Islands (Spain).<\/p>\n\n<p><strong>Website writing<\/strong><br\/>Director of the publication : Anne-Sophie Castro.<br\/>Website&#8217;s address : <a href=\"https:\/\/pearlsmagazine.com\/webvieja\/en\/\">https:\/\/pearlsmagazine.com<\/a><\/p>\n\n<p>Contact : <a href=\"mailto:info@pearlsmagazine.com\">info@pearlsmagazine.com<\/a><br\/><\/p>\n\n<h3 class=\"wp-block-heading\"><br\/><strong>Hosting<\/strong><\/h3>\n\n<p>The site is hosted by HOSTINGER INTERNATIONAL LTD, whose registered office is located at the following address: 61 Lordou Vironos Street, 6023 Larnaca, Cyprus, which can be reached on the following link: <a href=\"https:\/\/www.hostinger.fr\/contact\">https:\/\/www.hostinger.fr\/contact.<\/a><\/p>\n\n<h3 class=\"wp-block-heading\"><br\/><strong>The commitments of PearlsMagazine.com<\/strong><\/h3>\n\n<p><br\/>PearlsMagazine.com undertakes not to transfer this information to third parties, organizations or companies outside the company or even natural persons.<\/p>\n\n<p><\/p>\n\n<h3 class=\"wp-block-heading\"><strong>Newsletter form<\/strong><\/h3>\n\n<p>The information collected on this form is saved in a file computerized by <strong>PEARLS MAGAZINE<\/strong> for <strong>sending the newsletter.<\/strong> The legal basis for the processing is the consent given when sending the newsletter registration form.<\/p>\n\n<p>The data collected will be communicated to the following recipient only : <strong><a href=\"https:\/\/pearlsmagazine.com\/webvieja\/\" target=\"_blank\" rel=\"noreferrer noopener\">pearlsmagazine.com<\/a><\/strong><\/p>\n\n<p>The data is kept for an <strong>unlimited period.<\/strong><\/p>\n\n<p>You can access the data concerning you, rectify it, request its deletion or exercise your right to limit the processing of your data by<strong>sending an email to the following address : <a href=\"mailto:info@pearlsmagazine.com\" target=\"_blank\" rel=\"noreferrer noopener\">info@pearlsmagazine.com<\/a><\/strong><\/p>\n\n<p>Visit the site <a href=\"http:\/\/cnil.fr\/\" target=\"_blank\" rel=\"noreferrer noopener\">cnil.fr<\/a> for more informations on your rights.<\/p>\n\n<h3 class=\"wp-block-heading\"><strong>Author&#8217;s rights \/copyright<\/strong><\/h3>\n\n<p><br\/>The information present on this site can be downloaded, reproduced, printed subject to:<br\/>\u2022 use such information only for personal purposes and in no way for commercial purposes;<br\/>\u2022 not modify such information;<br\/>\u2022 reproduce on all copies the copyright notice (\u201cthe copyright\u201d) @pearlsmagazine.com<br\/>Any other use not expressly authorized is strictly prohibited without prior written authorization from PEARLS MAGAZINE.<\/p>\n\n<p><strong>Hyperlinks<\/strong><\/p>\n\n<p>The Site may contain hypertext links giving access to other websites published and managed by third parties and not by the Publisher. L\u2019Editeur ne pourra \u00eatre tenu responsable directement ou indirectement dans le cas o\u00f9 lesdits sites tiers ne respecteraient pas les dispositions l\u00e9gales. <\/p>\n\n<p>The creation of hypertext links to the Site can only be made with the prior written authorization of the Publisher. <\/p>\n\n<div style=\"height:100px\" aria-hidden=\"true\" class=\"wp-block-spacer\"><\/div>\n\n<h2 class=\"wp-block-heading\"><strong>COOKIE POLICY<\/strong><\/h2>\n\n<h3 class=\"wp-block-heading\"><strong>What is the use of this policy?<\/strong><\/h3>\n\n<p>We attach great importance to the confidentiality of your data, which represents for us a guarantee of seriousness and trust, regardless of whether it concerns \u201ccookies\u201d or personal data.<\/p>\n\n<p>The \u201ccookies\u201d policy aims to explain to you why we use \u201cCookies\u201d as well as any other type of \u201ctracers\u201d, in particular to offer you content adapted to your needs.<\/p>\n\n<p>On the other hand, this \u201ccookies\u201d policy only concerns processing relating to \u201cCookies\u201d. <\/p>\n\n<p>For other processing that we carry out, please consult our Data Privacy Policy, accessible at any time on our website.<\/p>\n\n<h3 class=\"wp-block-heading\"><strong>What are \u201ccookies\u201d ?<\/strong><\/h3>\n\n<p>\u201cCookies\u201d are small \u201ctext\u201d files which are placed and hosted on your smartphone, tablet, or computer, in order to allow you to browse our website.<\/p>\n\n<h3 class=\"wp-block-heading\"><strong>What exactly are \u201ccookies\u201d used for?<\/strong><\/h3>\n\n<p>\u201cCookies\u201d make it possible to store certain information about you in order to recognize you when you connect again to <a href=\"https:\/\/pearlsmagazine.com\/webvieja\/en\/\">https:\/\/pearlsmagazine.com<\/a> , to better understand your use of these sites, in order to offer you a quality service, or to offer you targeted advertising adapted to your needs.<\/p>\n\n<h3 class=\"wp-block-heading\"><strong>What categories of \u201ccookies\u201d do we use and for how long?<\/strong><\/h3>\n\n<p>We use \u201ccookies\u201d necessary for the proper functioning of the <a href=\"https:\/\/pearlsmagazine.com\/webvieja\/en\/\">https:\/\/pearlsmagazine.com<\/a> site, \u201ccookies\u201d which provide statistical data relating to your visits and your use of our websites, as well as advertising cookies.<\/p>\n\n<p>In all cases, the cookies collected are kept for a maximum of 13 months from their installation.<\/p>\n\n<h3 class=\"wp-block-heading\"><strong>What control do you have over our \u201ccookies\u201d?<\/strong><\/h3>\n\n<p>The \u201ccookies\u201d necessary for the proper functioning of our website cannot be configured because their absence would have too great an impact on your experience.<\/p>\n\n<p>However, your consent is still required for us to use cookies to provide you with advertising tailored to your needs.<\/p>\n\n<h3 class=\"wp-block-heading\"><strong>Who can you contact for more information?<\/strong><\/h3>\n\n<p>Our Data Protection Officer (\u201cDPO\u201d) is always available to explain to you in more detail how we process your data and to answer your questions on the subject at <a href=\"mailto:rgpdagencesreunies@gmail.com\" target=\"_blank\" rel=\"noreferrer noopener\">info@pearlsmagazine.com<\/a><\/p>\n\n<h3 class=\"wp-block-heading\"><strong>How can you contact the CNIL?<\/strong><\/h3>\n\n<p>You can contact the French data protection supervisory authority (the \u201cCommission Nationale de l\u2019Informatique et des Libert\u00e9s\u201d or \u201cCNIL\u201d) at any time at the following coordinates: CNIL Complaints Department, 3 place de Fontenoy \u2013 TSA 80751, 75334 Paris Cedex 07 or by phone at 01.53.73.22.22.<\/p>\n\n<h3 class=\"wp-block-heading\"><strong>Can the policy be changed?<\/strong><\/h3>\n\n<p>We may modify our \u201cCookies\u201d policy at any time to adapt it to new legal requirements as well as to new processing that we may implement in the future. You will of course be informed of any changes to this policy.<\/p>\n","protected":false},"excerpt":{"rendered":"<p>LEGAL NOTICE Edition of the website Legal notice of PearlsMagazine.com which is a site published in Spain by Anne-Sophie Castro, NIE\/CIF: X3810535X, whose head office is located at C\/ B\u00e9lgica, 27 &#8211; 1B &#8211; 07108 Port de S\u00f3ller Balearic Islands [&hellip;]<\/p>\n","protected":false},"author":2,"featured_media":0,"parent":0,"menu_order":0,"comment_status":"closed","ping_status":"closed","template":"","meta":{"om_disable_all_campaigns":false,"_monsterinsights_skip_tracking":false,"_monsterinsights_sitenote_active":false,"_monsterinsights_sitenote_note":"","_monsterinsights_sitenote_category":0,"footnotes":""},"class_list":["post-12800","page","type-page","status-publish","hentry"],"aioseo_notices":[],"_links":{"self":[{"href":"https:\/\/pearlsmagazine.com\/webvieja\/en\/wp-json\/wp\/v2\/pages\/12800","targetHints":{"allow":["GET"]}}],"collection":[{"href":"https:\/\/pearlsmagazine.com\/webvieja\/en\/wp-json\/wp\/v2\/pages"}],"about":[{"href":"https:\/\/pearlsmagazine.com\/webvieja\/en\/wp-json\/wp\/v2\/types\/page"}],"author":[{"embeddable":true,"href":"https:\/\/pearlsmagazine.com\/webvieja\/en\/wp-json\/wp\/v2\/users\/2"}],"replies":[{"embeddable":true,"href":"https:\/\/pearlsmagazine.com\/webvieja\/en\/wp-json\/wp\/v2\/comments?post=12800"}],"version-history":[{"count":3,"href":"https:\/\/pearlsmagazine.com\/webvieja\/en\/wp-json\/wp\/v2\/pages\/12800\/revisions"}],"predecessor-version":[{"id":12805,"href":"https:\/\/pearlsmagazine.com\/webvieja\/en\/wp-json\/wp\/v2\/pages\/12800\/revisions\/12805"}],"wp:attachment":[{"href":"https:\/\/pearlsmagazine.com\/webvieja\/en\/wp-json\/wp\/v2\/media?parent=12800"}],"curies":[{"name":"wp","href":"https:\/\/api.w.org\/{rel}","templated":true}]}}