{"id":3674,"date":"2021-10-22T17:13:20","date_gmt":"2021-10-22T15:13:20","guid":{"rendered":"https:\/\/pearlsmagazine.com\/webvieja\/?page_id=3674"},"modified":"2023-08-18T17:08:22","modified_gmt":"2023-08-18T15:08:22","slug":"edito","status":"publish","type":"page","link":"https:\/\/pearlsmagazine.com\/webvieja\/edito\/","title":{"rendered":"\u00c9DITO : \u201cPERLES DE SENS\u201d"},"content":{"rendered":"\n<div class=\"pearls_of_meaning\"><h2 class=\"has-text-align-center\" style=\"text-align: center;\">\u00c9DITO : \u201cPERLES DE SENS\u201d<\/h2>\n\n<p>Observer le monde \u00e9voluer, l&#8217;ancien se d\u00e9truire. Se rendre compte, \u00e0 la crois\u00e9e des chemins, de l\u2019importance de l\u2019engagement de chacun envers un monde plus juste et transparent. Et ce, dans tous les secteurs.<\/p>\n<p>Changer sa perspective, son syst\u00e8me de valeurs, d\u00e9faire ses croyances et regarder en face ce qu\u2019il nous reste \u00e0 faire. Il nous faut acter maintenant, chacun \u00e0 son \u00e9chelle.<\/p>\n\n<h4 style=\"text-align: center;\">\u201cToute v\u00e9ritable transformation sera pr\u00e9c\u00e9d\u00e9e d\u2019un grand moment d\u2019inconfort, c\u2019est l\u00e0 le signe que vous \u00eates sur le bon chemin\u201d <em>(<a href=\"https:\/\/www.babelio.com\/auteur\/Ajahn-Chah\/231080\" target=\"_blank\" rel=\"noopener\">Ajahn Chah<\/a>)<\/em><\/h4>\n\n<h4>Sommes-nous sur le bon chemin ?<\/h4>\n\n<p>Dans la mode, il est vrai que cette p\u00e9riode de transition ne peut que remettre en cause les anciennes pratiques, aussi bien sur la production de mode comme les grandes cha\u00eenes que nous connaissons tous que sur sa consommation.<\/p>\n<p>L\u2019une et l\u2019autre nous laissent un champs libre et illimit\u00e9 pour repenser tous nos codes.<\/p>\n\n<p>Que la mode devienne \u00e9thique, solidaire, respectueuse de l\u2019environnement et des droits humains en mettant l\u2019accent sur ce qu\u2019il y a de plus beau et de plus durable pour notre plan\u00e8te : voil\u00e0 notre objectif commun!<\/p>\n\n<p>Plut\u00f4t que de s\u00e9paration, le monde a besoin d\u2019unit\u00e9 et d\u2019accompagnement.<\/p>\n<p>D\u2019encouragements des entreprises qui s\u2019efforcent de d\u00e9ployer une d\u00e9marche de RSE, cherchant \u00e0 d\u00e9velopper au fil du temps des pratiques plus \u00e9thiques et durables dans leur mode de fonctionnement.<\/p>\n\n<p>C\u2019est dans la nature que je retrouve le calme, l\u2019unit\u00e9 parfaitement orchestr\u00e9e entre les mondes animal, v\u00e9g\u00e9tal et min\u00e9ral\u2026<\/p>\n<p>C\u2019est dans la nature que l\u2019on retrouve l\u2019essence de toutes formes. Les sens. Il convient donc de redonner du sens \u00e0 la mode.<\/p>\n<p>Offrir ce que j\u2019appelle \u201cdes perles de sens\u201d, fondatrices de Pearls Magazine : <a href=\"https:\/\/pearlsmagazine.com\/webvieja\/category\/mother-earth\/\" target=\"_blank\" rel=\"noopener\">articles<\/a>, <a href=\"https:\/\/pearlsmagazine.com\/webvieja\/category\/rencontres\/\" target=\"_blank\" rel=\"noopener\">interviews<\/a>, <a href=\"https:\/\/pearlsmagazine.com\/webvieja\/category\/cest-normal\/\" target=\"_blank\" rel=\"noopener\">r\u00e9flexions<\/a> et reportages sur tous ces acteurs engag\u00e9s aux quatre coins du monde &#8211; marques, cr\u00e9ateurs, artisans ou chercheurs scientifiques &#8211; co-cr\u00e9ateurs de ce nouveau monde.<\/p>\n\n<p><em><strong>Pearls magazine<\/strong><\/em> est une publication ouverte et accessible. Une plateforme qui a pour vocation de mettre en lumi\u00e8re les (nouvelles) pratiques en mode \u00e9thique, pr\u00e9sent\u00e9es avec style pour vous faire d\u00e9couvrir ce que ce nouveau monde merveilleux de la mode nous r\u00e9serve.<\/p>\n<p>Vous serez surpris ! Mati\u00e8res organiques, innovations, tendances\u2026 L\u2019heure est venue de nous faire du bien. Prenez le temps d\u2019explorer les actualit\u00e9s et revenir \u00e0 l\u2019essentiel : l\u2019amour des choses bien faites.<\/p>\n\n<p><strong>Anne-Sophie Castro<\/strong><\/p><\/div>\n","protected":false},"excerpt":{"rendered":"<p>\u00c9DITO : \u201cPERLES DE SENS\u201d Observer le monde \u00e9voluer, l&#8217;ancien se d\u00e9truire. Se rendre compte, \u00e0 la crois\u00e9e des chemins, de l\u2019importance de l\u2019engagement de chacun envers un monde plus juste et transparent. Et ce, dans tous les secteurs. Changer [&hellip;]<\/p>\n","protected":false},"author":2,"featured_media":0,"parent":0,"menu_order":0,"comment_status":"closed","ping_status":"closed","template":"","meta":{"om_disable_all_campaigns":false,"_monsterinsights_skip_tracking":false,"_monsterinsights_sitenote_active":false,"_monsterinsights_sitenote_note":"","_monsterinsights_sitenote_category":0,"footnotes":""},"class_list":["post-3674","page","type-page","status-publish","hentry"],"aioseo_notices":[],"_links":{"self":[{"href":"https:\/\/pearlsmagazine.com\/webvieja\/wp-json\/wp\/v2\/pages\/3674","targetHints":{"allow":["GET"]}}],"collection":[{"href":"https:\/\/pearlsmagazine.com\/webvieja\/wp-json\/wp\/v2\/pages"}],"about":[{"href":"https:\/\/pearlsmagazine.com\/webvieja\/wp-json\/wp\/v2\/types\/page"}],"author":[{"embeddable":true,"href":"https:\/\/pearlsmagazine.com\/webvieja\/wp-json\/wp\/v2\/users\/2"}],"replies":[{"embeddable":true,"href":"https:\/\/pearlsmagazine.com\/webvieja\/wp-json\/wp\/v2\/comments?post=3674"}],"version-history":[{"count":45,"href":"https:\/\/pearlsmagazine.com\/webvieja\/wp-json\/wp\/v2\/pages\/3674\/revisions"}],"predecessor-version":[{"id":12864,"href":"https:\/\/pearlsmagazine.com\/webvieja\/wp-json\/wp\/v2\/pages\/3674\/revisions\/12864"}],"wp:attachment":[{"href":"https:\/\/pearlsmagazine.com\/webvieja\/wp-json\/wp\/v2\/media?parent=3674"}],"curies":[{"name":"wp","href":"https:\/\/api.w.org\/{rel}","templated":true}]}}