{"id":3676,"date":"2021-10-22T17:13:47","date_gmt":"2021-10-22T15:13:47","guid":{"rendered":"https:\/\/pearlsmagazine.com\/webvieja\/?page_id=3676"},"modified":"2022-11-24T21:20:49","modified_gmt":"2022-11-24T20:20:49","slug":"manifesto","status":"publish","type":"page","link":"https:\/\/pearlsmagazine.com\/webvieja\/manifesto\/","title":{"rendered":"MANIFESTO de Pearls Magazine"},"content":{"rendered":"<p>[vc_row content_text_aligment=&#8221;center&#8221;][vc_column][vc_column_text]<\/p>\n<h2 style=\"text-align: center;\">MANIFESTO<\/h2>\n<p>&nbsp;<\/p>\n<p style=\"text-align: center;\"><span style=\"font-size: 14px; line-height: 24px;\">Nous sommes convaincus qu\u2019une mode \u00e9thique et circulaire tient un r\u00f4le majeur dans la <a href=\"https:\/\/www.greenpeace.fr\/comment-opter-pour-une-mode-plus-ethique-et-responsable\/\" target=\"_blank\" rel=\"noopener\">transition \u00e9cologique<\/a>.<\/span><\/p>\n<p>&nbsp;<\/p>\n<p style=\"text-align: center;\"><span style=\"font-size: 14px; line-height: 24px;\">C\u2019est pourquoi <strong><em>Pearls magazine<\/em><\/strong> s\u2019engage \u00e0 mettre en lumi\u00e8re les acteurs de la mode (marques, cr\u00e9ateurs, artisans, associations, \u00e9v\u00e8nements, chercheurs scientifiques\u2026) qui oeuvrent dans le respect des droits de l\u2019Homme et de la plan\u00e8te.<\/span><\/p>\n<p>&nbsp;<\/p>\n<p style=\"text-align: center;\"><span style=\"font-size: 14px; line-height: 24px;\">Et puisque la nature nous offre les plus belles ressources au service de l\u2019innovation textile, nous les promouvons d<\/span><span style=\"font-size: 14px; line-height: 24px;\">ans ce magazine, aupr\u00e8s de nos lecteurs, afin qu\u2019elles soient entendues comme les plus pr\u00e9cieux mat\u00e9riaux durables.<\/span><\/p>\n<p>&nbsp;<\/p>\n<p style=\"text-align: center;\"><span style=\"font-size: 14px; line-height: 24px;\">En tant que publication ind\u00e9pendante, <a href=\"https:\/\/pearlsmagazine.com\/webvieja\/\" target=\"_blank\" rel=\"noopener\"><strong><em>Pearls magazine<\/em><\/strong><\/a> est le porte-voix des actes qui ont du sens et c\u00e9l\u00e8bre l\u2019individualit\u00e9, toutes origines confondues, et la cr\u00e9ativit\u00e9.<\/span><\/p>\n<p>&nbsp;<\/p>\n<p>[\/vc_column_text][\/vc_column][\/vc_row]<\/p>\n","protected":false},"excerpt":{"rendered":"<p>[vc_row content_text_aligment=&#8221;center&#8221;][vc_column][vc_column_text] MANIFESTO &nbsp; Nous sommes convaincus qu\u2019une mode \u00e9thique et circulaire tient un r\u00f4le majeur dans la transition \u00e9cologique. &nbsp; C\u2019est pourquoi Pearls magazine s\u2019engage \u00e0 mettre en lumi\u00e8re les acteurs de la mode (marques, cr\u00e9ateurs, artisans, associations, \u00e9v\u00e8nements, [&hellip;]<\/p>\n","protected":false},"author":2,"featured_media":0,"parent":0,"menu_order":0,"comment_status":"closed","ping_status":"closed","template":"","meta":{"om_disable_all_campaigns":false,"_monsterinsights_skip_tracking":false,"_monsterinsights_sitenote_active":false,"_monsterinsights_sitenote_note":"","_monsterinsights_sitenote_category":0,"footnotes":""},"class_list":["post-3676","page","type-page","status-publish","hentry"],"aioseo_notices":[],"_links":{"self":[{"href":"https:\/\/pearlsmagazine.com\/webvieja\/wp-json\/wp\/v2\/pages\/3676","targetHints":{"allow":["GET"]}}],"collection":[{"href":"https:\/\/pearlsmagazine.com\/webvieja\/wp-json\/wp\/v2\/pages"}],"about":[{"href":"https:\/\/pearlsmagazine.com\/webvieja\/wp-json\/wp\/v2\/types\/page"}],"author":[{"embeddable":true,"href":"https:\/\/pearlsmagazine.com\/webvieja\/wp-json\/wp\/v2\/users\/2"}],"replies":[{"embeddable":true,"href":"https:\/\/pearlsmagazine.com\/webvieja\/wp-json\/wp\/v2\/comments?post=3676"}],"version-history":[{"count":22,"href":"https:\/\/pearlsmagazine.com\/webvieja\/wp-json\/wp\/v2\/pages\/3676\/revisions"}],"predecessor-version":[{"id":8292,"href":"https:\/\/pearlsmagazine.com\/webvieja\/wp-json\/wp\/v2\/pages\/3676\/revisions\/8292"}],"wp:attachment":[{"href":"https:\/\/pearlsmagazine.com\/webvieja\/wp-json\/wp\/v2\/media?parent=3676"}],"curies":[{"name":"wp","href":"https:\/\/api.w.org\/{rel}","templated":true}]}}