{"id":3718,"date":"2021-10-22T18:12:27","date_gmt":"2021-10-22T16:12:27","guid":{"rendered":"https:\/\/pearlsmagazine.com\/webvieja\/?page_id=3718"},"modified":"2024-02-09T13:10:51","modified_gmt":"2024-02-09T12:10:51","slug":"contact-2","status":"publish","type":"page","link":"https:\/\/pearlsmagazine.com\/webvieja\/contact-2\/","title":{"rendered":"Contact"},"content":{"rendered":"<p>[vc_row row_content_width=&#8221;grid&#8221; content_text_aligment=&#8221;center&#8221; anchor=&#8221;formu&#8221; css=&#8221;.vc_custom_1636711320486{padding-top: 30px !important;padding-bottom: 60px !important;}&#8221; el_class=&#8221;formulaire&#8221;][vc_column][vc_row_inner gap=&#8221;30&#8243; css=&#8221;.vc_custom_1636711367647{padding-top: 0px !important;padding-right: 30px !important;padding-left: 30px !important;}&#8221;][vc_column_inner width=&#8221;1\/3&#8243; css=&#8221;.vc_custom_1636128099034{border-right-width: 1px !important;}&#8221;][\/vc_column_inner][\/vc_row_inner][vc_column_text css=&#8221;.vc_custom_1707480624726{margin-bottom: 30px !important;}&#8221;]<\/p>\n<div style=\"text-align: left;\"><strong>Pour rentrer en contact avec notre \u00e9quipe et nous faire parvenir toute proposition de partenariat, publicit\u00e9, sujet ou \u00e9v\u00e8nement \u00e0 couvrir, vous pouvez \u00e9crire \u00e0 cette adresse :<\/strong><\/div>\n<p style=\"text-align: left;\"><a href=\"mailto:info@pearlsmagazine.com\">info@pearlsmagazine.com<\/a><\/p>\n<p>[\/vc_column_text][\/vc_column][\/vc_row][vc_row full_width=&#8221;stretch_row&#8221; css=&#8221;.vc_custom_1637074086494{background-color: #f5ece7 !important;}&#8221; el_class=&#8221;newsletter-home&#8221;][vc_column][vc_column_text css=&#8221;.vc_custom_1692366948564{margin-top: -10px !important;}&#8221;]<\/p>\n<h2>Restez connect\u00e9s !<\/h2>\n<p>[\/vc_column_text][vc_empty_space height=&#8221;45px&#8221;]\n<div class=\"wpcf7 no-js\" id=\"wpcf7-f173-o1\" lang=\"fr-FR\" dir=\"ltr\">\n<div class=\"screen-reader-response\"><p role=\"status\" aria-live=\"polite\" aria-atomic=\"true\"><\/p> <ul><\/ul><\/div>\n<form action=\"\/webvieja\/wp-json\/wp\/v2\/pages\/3718#wpcf7-f173-o1\" method=\"post\" class=\"wpcf7-form init cf7_custom_style_3\" aria-label=\"Formulaire de contact\" novalidate=\"novalidate\" data-status=\"init\">\n<div style=\"display: none;\">\n<input type=\"hidden\" name=\"_wpcf7\" value=\"173\" \/>\n<input type=\"hidden\" name=\"_wpcf7_version\" value=\"5.9.3\" \/>\n<input type=\"hidden\" name=\"_wpcf7_locale\" value=\"fr_FR\" \/>\n<input type=\"hidden\" name=\"_wpcf7_unit_tag\" value=\"wpcf7-f173-o1\" \/>\n<input type=\"hidden\" name=\"_wpcf7_container_post\" value=\"0\" \/>\n<input type=\"hidden\" name=\"_wpcf7_posted_data_hash\" value=\"\" \/>\n<input type=\"hidden\" name=\"_wpcf7_recaptcha_response\" value=\"\" \/>\n<\/div>\n<div class=\"eltdf-newsletter\">\n\t<p><span class=\"wpcf7-form-control-wrap\" data-name=\"your-email\"><input size=\"40\" class=\"wpcf7-form-control wpcf7-email wpcf7-validates-as-required wpcf7-text wpcf7-validates-as-email\" aria-required=\"true\" aria-invalid=\"false\" placeholder=\"e-mail*\" value=\"\" type=\"email\" name=\"your-email\" \/><\/span><span class=\"eltdf-btn-line\"><\/span><input class=\"wpcf7-form-control wpcf7-submit has-spinner\" type=\"submit\" value=\"ENVOYER\" \/><br \/>\n<span class=\"wpcf7-form-control-wrap\" data-name=\"gdpr\"><span class=\"wpcf7-form-control wpcf7-acceptance\"><span class=\"wpcf7-list-item\"><label><input type=\"checkbox\" name=\"gdpr\" value=\"1\" aria-invalid=\"false\" \/><span class=\"wpcf7-list-item-label\">J'accepte les conditions l\u00e9gales de Pearls Magazine. Votre adresse email est uniquement utilis\u00e9e pour vous envoyer notre newsletter. Vous pouvez vous d\u00e9sabonner \u00e0 tout moment en cliquant sur le lien int\u00e9gr\u00e9 dans la newsletter. Pour en savoir plus sur la gestion de vos donn\u00e9es personnelles, nous vous invitons \u00e0 consulter <a href=\"https:\/\/pearlsmagazine.com\/webvieja\/politique-de-confidentialite\/\" target=\"blank\">notre politique de confidentialit\u00e9 des donn\u00e9es<\/a>.<\/span><\/label><\/span><\/span><\/span>\n\t<\/p>\n<\/div><div class=\"wpcf7-response-output\" aria-hidden=\"true\"><\/div>\n<\/form>\n<\/div>\n[\/vc_column][\/vc_row]<\/p>\n","protected":false},"excerpt":{"rendered":"<p>[vc_row row_content_width=&#8221;grid&#8221; content_text_aligment=&#8221;center&#8221; anchor=&#8221;formu&#8221; css=&#8221;.vc_custom_1636711320486{padding-top: 30px !important;padding-bottom: 60px !important;}&#8221; el_class=&#8221;formulaire&#8221;][vc_column][vc_row_inner gap=&#8221;30&#8243; css=&#8221;.vc_custom_1636711367647{padding-top: 0px !important;padding-right: 30px !important;padding-left: 30px !important;}&#8221;][vc_column_inner width=&#8221;1\/3&#8243; css=&#8221;.vc_custom_1636128099034{border-right-width: 1px !important;}&#8221;][\/vc_column_inner][\/vc_row_inner][vc_column_text css=&#8221;.vc_custom_1707480624726{margin-bottom: 30px !important;}&#8221;] Pour rentrer en contact avec notre \u00e9quipe et nous faire parvenir toute proposition de partenariat, [&hellip;]<\/p>\n","protected":false},"author":2,"featured_media":0,"parent":0,"menu_order":0,"comment_status":"closed","ping_status":"closed","template":"full-width.php","meta":{"om_disable_all_campaigns":false,"_monsterinsights_skip_tracking":false,"_monsterinsights_sitenote_active":false,"_monsterinsights_sitenote_note":"","_monsterinsights_sitenote_category":0,"footnotes":""},"class_list":["post-3718","page","type-page","status-publish","hentry"],"aioseo_notices":[],"_links":{"self":[{"href":"https:\/\/pearlsmagazine.com\/webvieja\/wp-json\/wp\/v2\/pages\/3718","targetHints":{"allow":["GET"]}}],"collection":[{"href":"https:\/\/pearlsmagazine.com\/webvieja\/wp-json\/wp\/v2\/pages"}],"about":[{"href":"https:\/\/pearlsmagazine.com\/webvieja\/wp-json\/wp\/v2\/types\/page"}],"author":[{"embeddable":true,"href":"https:\/\/pearlsmagazine.com\/webvieja\/wp-json\/wp\/v2\/users\/2"}],"replies":[{"embeddable":true,"href":"https:\/\/pearlsmagazine.com\/webvieja\/wp-json\/wp\/v2\/comments?post=3718"}],"version-history":[{"count":60,"href":"https:\/\/pearlsmagazine.com\/webvieja\/wp-json\/wp\/v2\/pages\/3718\/revisions"}],"predecessor-version":[{"id":34542,"href":"https:\/\/pearlsmagazine.com\/webvieja\/wp-json\/wp\/v2\/pages\/3718\/revisions\/34542"}],"wp:attachment":[{"href":"https:\/\/pearlsmagazine.com\/webvieja\/wp-json\/wp\/v2\/media?parent=3718"}],"curies":[{"name":"wp","href":"https:\/\/api.w.org\/{rel}","templated":true}]}}