{"id":4633,"date":"2021-11-19T14:39:38","date_gmt":"2021-11-19T13:39:38","guid":{"rendered":"https:\/\/pearlsmagazine.com\/webvieja\/?page_id=4633"},"modified":"2022-11-15T13:27:54","modified_gmt":"2022-11-15T12:27:54","slug":"politique-de-confidentialite","status":"publish","type":"page","link":"https:\/\/pearlsmagazine.com\/webvieja\/politique-de-confidentialite\/","title":{"rendered":"Mentions l\u00e9gales, politique de confidentialit\u00e9 et cookies"},"content":{"rendered":"\n<h2 class=\"wp-block-heading\"><strong>MENTIONS L\u00c9GALES<\/strong><\/h2>\n\n\n\n<h3 class=\"wp-block-heading\"><strong>\u00c9dition du site internet<\/strong><br><\/h3>\n\n\n\n<p>Mentions l\u00e9gales de PearlsMagazine.com qui est un site \u00e9dit\u00e9 en Espagne par Anne-Sophie Castro, NIE\/CIF: X3810535X, dont le si\u00e8ge est situ\u00e9 C\/ B\u00e9lgica, 27 &#8211; 1B &#8211; 07108 Port de S\u00f3ller Iles Bal\u00e9ares (Espagne).<\/p>\n\n\n\n<p><strong>R\u00e9daction du site internet<\/strong><br>Directrice de la publication : Anne-Sophie Castro.<br>Le site Internet est accessible \u00e0 l\u2019adresse : <a href=\"https:\/\/pearlsmagazine.com\/webvieja\/\">https:\/\/pearlsmagazine.com<\/a><\/p>\n\n\n\n<p>Contact : <a href=\"mailto:info@pearlsmagazine.com\">info@pearlsmagazine.com<\/a><br><\/p>\n\n\n\n<h3 class=\"wp-block-heading\"><br><strong>H\u00e9bergement<\/strong><\/h3>\n\n\n\n<p>Le site est h\u00e9berg\u00e9 par HOSTINGER INTERNATIONAL LTD, dont le si\u00e8ge social est situ\u00e9 \u00e0 l\u2019adresse suivante : 61 Lordou Vironos Street, 6023 Larnaca, Chypre, joignable sur le lien suivant : <a href=\"https:\/\/www.hostinger.fr\/contact\">https:\/\/www.hostinger.fr\/contact<\/a>.<\/p>\n\n\n\n<h3 class=\"wp-block-heading\"><br><strong>Les engagements de PearlsMagazine.com<\/strong><\/h3>\n\n\n\n<p><br>PearlsMagazine.com s&#8217;engage \u00e0 ne pas c\u00e9der ces informations \u00e0 des tiers, c&#8217;est-\u00e0-dire organismes ou soci\u00e9t\u00e9s ext\u00e9rieurs \u00e0 la soci\u00e9t\u00e9 ou encore des personnes physiques.<\/p>\n\n\n\n<p><\/p>\n\n\n\n<h3 class=\"wp-block-heading\"><strong>Formulaire de newsletter<\/strong><\/h3>\n\n\n\n<p>Les informations recueillies sur ce formulaire sont enregistr\u00e9es dans un fichier informatis\u00e9 par&nbsp;<strong>PEARLS MAGAZINE&nbsp;<\/strong>pour&nbsp;<strong>l&#8217;envoi de la newsletter<\/strong>. La base&nbsp;l\u00e9gale&nbsp;du traitement est le consentement donn\u00e9 lors de l&#8217;envoi du formulaire d&#8217;inscription \u00e0 la newsletter.<\/p>\n\n\n\n<p>Les donn\u00e9es collect\u00e9es seront communiqu\u00e9es au seul destinataire suivant :&nbsp;<strong><a href=\"https:\/\/pearlsmagazine.com\/webvieja\/\" target=\"_blank\" rel=\"noreferrer noopener\">pearlsmagazine.com<\/a><\/strong><\/p>\n\n\n\n<p>Les donn\u00e9es sont conserv\u00e9es sur&nbsp;une&nbsp;<strong>dur\u00e9e illimit\u00e9e.<\/strong><\/p>\n\n\n\n<p>Vous pouvez acc\u00e9der aux donn\u00e9es vous concernant, les rectifier, demander leur effacement ou exercer votre droit \u00e0 la limitation du traitement de vos donn\u00e9es en&nbsp;<strong>envoyant votre demande \u00e0 l&#8217;email suivant :&nbsp;<a href=\"mailto:info@pearlsmagazine.com\" target=\"_blank\" rel=\"noreferrer noopener\">info@pearlsmagazine.com<\/a><\/strong><\/p>\n\n\n\n<p>Consultez le site\u00a0<a href=\"http:\/\/cnil.fr\/\" target=\"_blank\" rel=\"noreferrer noopener\">cnil.fr<\/a>\u00a0pour plus d\u2019informations sur vos droits.<\/p>\n\n\n\n<h3 class=\"wp-block-heading\"><strong>Droits d\u2019auteur\/copyright<\/strong><\/h3>\n\n\n\n<p><br>Les informations pr\u00e9sentes sur ce site peuvent \u00eatre t\u00e9l\u00e9charg\u00e9es, reproduites, imprim\u00e9es sous r\u00e9serve de :<br>\u2022 n\u2019utiliser de telles informations qu\u2019\u00e0 des fins personnelles et en aucune mani\u00e8re \u00e0 des fins commerciales ;<br>\u2022 ne pas modifier de telles informations ;<br>\u2022 reproduire sur toutes copies la mention des droits d\u2019auteur (\u201cle copyright\u201d) @pearlsmagazine.com<br>Toute autre utilisation non express\u00e9ment autoris\u00e9e est strictement interdite sans autorisation pr\u00e9alable et \u00e9crite de PEARLS MAGAZINE.<\/p>\n\n\n\n<p><strong>Liens hypertextes<\/strong><\/p>\n\n\n\n<p>Le Site peut contenir des liens hypertexte donnant acc\u00e8s \u00e0 d\u2019autres sites web \u00e9dit\u00e9s et g\u00e9r\u00e9s par des tiers et non par l\u2019Editeur. L\u2019Editeur ne pourra \u00eatre tenu responsable directement ou indirectement dans le cas o\u00f9 lesdits sites tiers ne respecteraient pas les dispositions l\u00e9gales.&nbsp;<\/p>\n\n\n\n<p>La cr\u00e9ation de liens hypertexte vers le Site ne peut \u00eatre faite qu\u2019avec l\u2019autorisation \u00e9crite et pr\u00e9alable de l\u2019Editeur.\u00a0<\/p>\n\n\n\n<div style=\"height:100px\" aria-hidden=\"true\" class=\"wp-block-spacer\"><\/div>\n\n\n\n<h2 class=\"wp-block-heading\"><strong>POLITIQUE DE COOKIES<\/strong><\/h2>\n\n\n\n<h3 class=\"wp-block-heading\"><strong>Quelle est l\u2019utilit\u00e9 de cette politique ?<\/strong><\/h3>\n\n\n\n<p>Nous accordons une grande importance \u00e0 la confidentialit\u00e9 de vos donn\u00e9es qui repr\u00e9sentent pour nous un gage de s\u00e9rieux et de confiance, peu importe qu\u2019il s\u2019agisse de \u201ccookies\u201d ou de donn\u00e9es personnelles.<\/p>\n\n\n\n<p>La politique \u201ccookies\u201d vise \u00e0 vous expliquer pourquoi nous utilisons des&nbsp;\u201cCookies\u201d&nbsp;ainsi que tout autre type de&nbsp;\u201ctraceurs\u201d, notamment pour vous proposer du contenu adapt\u00e9 \u00e0 vos besoins.<\/p>\n\n\n\n<p>En revanche, cette politique \u201ccookies\u201d ne concerne que les traitements relatifs aux\u00a0\u201cCookies\u201d. <\/p>\n\n\n\n<p>Pour les autres traitements que nous effectuons, merci de consulter notre\u00a0Politique de confidentialit\u00e9\u00a0des donn\u00e9es,\u00a0accessible \u00e0 tout moment\u00a0sur notre site internet.<\/p>\n\n\n\n<h3 class=\"wp-block-heading\"><strong>Qu\u2019est-ce qu\u2019un \u201ccookies\u201d ?<\/strong><\/h3>\n\n\n\n<p>Les \u201ccookies\u201d sont des&nbsp;petits fichiers \u201ctexte\u201d&nbsp;qui sont plac\u00e9s et h\u00e9berg\u00e9s sur votre&nbsp;smartphone,&nbsp;tablette, ou&nbsp;ordinateur, afin de vous permettre de naviguer sur notre site internet.<\/p>\n\n\n\n<h3 class=\"wp-block-heading\"><strong>\u00c0 quoi servent pr\u00e9cis\u00e9ment des \u201ccookies\u201d ?<\/strong><\/h3>\n\n\n\n<p>Les&nbsp;\u201ccookies\u201d&nbsp;permettent de&nbsp;garder en m\u00e9moire&nbsp;certaines informations vous concernant afin de vous&nbsp;reconna\u00eetre&nbsp;lorsque vous vous connectez de nouveau sur&nbsp;<a href=\"https:\/\/pearlsmagazine.com\/webvieja\">https:\/\/pearlsmagazine.com<\/a> , de&nbsp;mieux comprendre&nbsp;votre utilisation de ces sites, dans le but de vous proposer un&nbsp;service de qualit\u00e9, ou encore de vous proposer des&nbsp;publicit\u00e9s cibl\u00e9es&nbsp;adapt\u00e9es \u00e0 vos besoins.<\/p>\n\n\n\n<h3 class=\"wp-block-heading\"><strong>Quelles cat\u00e9gories de \u201ccookies\u201d utilisons-nous et pour combien de temps ?<\/strong><\/h3>\n\n\n\n<p>Nous utilisons des \u201ccookies\u201d&nbsp;n\u00e9cessaires au bon fonctionnement&nbsp;du site  <a href=\"https:\/\/pearlsmagazine.com\/webvieja\">https:\/\/pearlsmagazine.com<\/a> , des \u201ccookies\u201d qui fournissent des&nbsp;donn\u00e9es statistiques&nbsp;relatives \u00e0 votre fr\u00e9quentation et \u00e0 votre utilisation de nos sites internet, ainsi que des&nbsp;cookies publicitaires.<\/p>\n\n\n\n<p>Dans tous les cas, les cookies collect\u00e9es sont conserv\u00e9s pendant une&nbsp;dur\u00e9e maximale de 13 mois&nbsp;\u00e0 compter de leur installation.<\/p>\n\n\n\n<h3 class=\"wp-block-heading\"><strong>Quel contr\u00f4le avez-vous sur nos \u201ccookies\u201d ?<\/strong><\/h3>\n\n\n\n<p>Les \u201ccookies\u201d n\u00e9cessaires au bon fonctionnement de notre site internet&nbsp;ne peuvent pas \u00eatre param\u00e9tr\u00e9s&nbsp;car leur absence aurait un trop grand impact sur votre exp\u00e9rience.<\/p>\n\n\n\n<p>En revanche, votre&nbsp;consentement&nbsp;est toujours requis pour que nous puissions utiliser des cookies visant \u00e0 vous fournir de la publicit\u00e9 adapt\u00e9e \u00e0 vos besoins.<\/p>\n\n\n\n<h3 class=\"wp-block-heading\"><strong>Qui pouvez-vous contacter pour obtenir plus d\u2019informations ?<\/strong><\/h3>\n\n\n\n<p>Notre\u00a0D\u00e9l\u00e9gu\u00e9 \u00e0 la protection des donn\u00e9es (\u201cDPO\u201d)\u00a0est toujours \u00e0 votre disposition pour vous expliquer plus en d\u00e9tail la mani\u00e8re dont nous traitons vos donn\u00e9es et pour r\u00e9pondre \u00e0 vos questions sur le sujet \u00e0 l\u2019adresse\u00a0<a href=\"mailto:rgpdagencesreunies@gmail.com\" target=\"_blank\" rel=\"noreferrer noopener\">\u00a0info@pearlsmagazine.com<\/a><\/p>\n\n\n\n<h3 class=\"wp-block-heading\"><strong>Comment pouvez-vous contacter la CNIL ?<\/strong><\/h3>\n\n\n\n<p>Vous pouvez \u00e0 tout moment contacter l\u2019autorit\u00e9 de contr\u00f4le fran\u00e7aise en mati\u00e8re de protection des donn\u00e9es (la \u201cCommission nationale de l\u2019informatique et des libert\u00e9s\u201d ou \u201cCNIL\u201d) aux coordonn\u00e9es suivantes : Service des plaintes de la CNIL, 3 place de Fontenoy \u2013 TSA 80751, 75334 Paris Cedex 07 ou par t\u00e9l\u00e9phone au 01.53.73.22.22.<\/p>\n\n\n\n<h3 class=\"wp-block-heading\"><strong>La politique peut-elle \u00eatre modifi\u00e9e ?<\/strong><\/h3>\n\n\n\n<p>Nous sommes susceptibles de\u00a0modifier\u00a0notre politique \u201cCookies\u201d \u00e0\u00a0tout moment\u00a0pour l\u2019adapter aux nouvelles\u00a0exigences l\u00e9gales\u00a0ainsi qu\u2019aux\u00a0nouveaux traitements\u00a0que nous pourrions mettre en \u0153uvre dans le futur. Vous serez \u00e9videmment inform\u00e9s de toute modification de cette politique.<\/p>\n","protected":false},"excerpt":{"rendered":"<p>MENTIONS L\u00c9GALES \u00c9dition du site internet Mentions l\u00e9gales de PearlsMagazine.com qui est un site \u00e9dit\u00e9 en Espagne par Anne-Sophie Castro, NIE\/CIF: X3810535X, dont le si\u00e8ge est situ\u00e9 C\/ B\u00e9lgica, 27 &#8211; 1B &#8211; 07108 Port de S\u00f3ller Iles Bal\u00e9ares (Espagne). [&hellip;]<\/p>\n","protected":false},"author":2,"featured_media":0,"parent":0,"menu_order":0,"comment_status":"closed","ping_status":"closed","template":"","meta":{"om_disable_all_campaigns":false,"_monsterinsights_skip_tracking":false,"_monsterinsights_sitenote_active":false,"_monsterinsights_sitenote_note":"","_monsterinsights_sitenote_category":0,"footnotes":""},"class_list":["post-4633","page","type-page","status-publish","hentry"],"aioseo_notices":[],"_links":{"self":[{"href":"https:\/\/pearlsmagazine.com\/webvieja\/wp-json\/wp\/v2\/pages\/4633","targetHints":{"allow":["GET"]}}],"collection":[{"href":"https:\/\/pearlsmagazine.com\/webvieja\/wp-json\/wp\/v2\/pages"}],"about":[{"href":"https:\/\/pearlsmagazine.com\/webvieja\/wp-json\/wp\/v2\/types\/page"}],"author":[{"embeddable":true,"href":"https:\/\/pearlsmagazine.com\/webvieja\/wp-json\/wp\/v2\/users\/2"}],"replies":[{"embeddable":true,"href":"https:\/\/pearlsmagazine.com\/webvieja\/wp-json\/wp\/v2\/comments?post=4633"}],"version-history":[{"count":17,"href":"https:\/\/pearlsmagazine.com\/webvieja\/wp-json\/wp\/v2\/pages\/4633\/revisions"}],"predecessor-version":[{"id":8203,"href":"https:\/\/pearlsmagazine.com\/webvieja\/wp-json\/wp\/v2\/pages\/4633\/revisions\/8203"}],"wp:attachment":[{"href":"https:\/\/pearlsmagazine.com\/webvieja\/wp-json\/wp\/v2\/media?parent=4633"}],"curies":[{"name":"wp","href":"https:\/\/api.w.org\/{rel}","templated":true}]}}